{"id":3188,"date":"2018-05-28T09:18:15","date_gmt":"2018-05-28T09:18:15","guid":{"rendered":"https:\/\/oracioncontinua.com\/home\/"},"modified":"2024-03-15T08:14:19","modified_gmt":"2024-03-15T08:14:19","slug":"home","status":"publish","type":"page","link":"https:\/\/oracioncontinua.com\/it\/","title":{"rendered":"Inicio"},"content":{"rendered":"<p>[et_pb_section fb_built=&#8221;1&#8243; fullwidth=&#8221;on&#8221; _builder_version=&#8221;4.16&#8243; global_colors_info=&#8221;{}&#8221;][et_pb_fullwidth_image src=&#8221;https:\/\/oracioncontinua.com\/wp-content\/uploads\/2018\/05\/slider-portada-OC.jpg&#8221; _builder_version=&#8221;4.16&#8243; global_colors_info=&#8221;{}&#8221;][\/et_pb_fullwidth_image][\/et_pb_section][et_pb_section fb_built=&#8221;1&#8243; _builder_version=&#8221;4.16&#8243; global_colors_info=&#8221;{}&#8221;][et_pb_row column_structure=&#8221;3_4,1_4&#8243; _builder_version=&#8221;4.16&#8243; background_size=&#8221;initial&#8221; background_position=&#8221;top_left&#8221; background_repeat=&#8221;repeat&#8221; global_colors_info=&#8221;{}&#8221;][et_pb_column type=&#8221;3_4&#8243; _builder_version=&#8221;4.16&#8243; custom_padding=&#8221;|||&#8221; global_colors_info=&#8221;{}&#8221; custom_padding__hover=&#8221;|||&#8221;][et_pb_blog fullwidth=&#8221;off&#8221; posts_number=&#8221;6&#8243; include_categories=&#8221;9,7,10,11,16,8,15&#8243; show_author=&#8221;off&#8221; show_pagination=&#8221;off&#8221; _builder_version=&#8221;4.16&#8243; z_index_tablet=&#8221;500&#8243; use_dropshadow=&#8221;off&#8221; global_colors_info=&#8221;{}&#8221;][\/et_pb_blog][\/et_pb_column][et_pb_column type=&#8221;1_4&#8243; _builder_version=&#8221;4.16&#8243; custom_padding=&#8221;|||&#8221; global_colors_info=&#8221;{}&#8221; custom_padding__hover=&#8221;|||&#8221;][et_pb_image src=&#8221;https:\/\/oracioncontinua.com\/wp-content\/uploads\/2023\/10\/Diapositiva1-e1697639671149.png&#8221; title_text=&#8221;Diapositiva1&#8243; url=&#8221;https:\/\/sites.google.com\/scolopi.net\/materialesdeoracioncontinua?usp=sharing&#8221; url_new_window=&#8221;on&#8221; align_tablet=&#8221;center&#8221; align_phone=&#8221;&#8221; align_last_edited=&#8221;on|desktop&#8221; _builder_version=&#8221;4.22.2&#8243; global_colors_info=&#8221;{}&#8221;][\/et_pb_image][et_pb_text _builder_version=&#8221;4.22.2&#8243; custom_margin=&#8221;5px|5px|5px|5px&#8221; hover_enabled=&#8221;0&#8243; global_colors_info=&#8221;{}&#8221; sticky_enabled=&#8221;0&#8243;]<\/p>\n<p style=\"font-weight: 400; text-align: center;\">Para <strong>acceder<\/strong> al repositorio es necesario validarse con una cuenta de Gmail autorizada.<\/p>\n<p style=\"font-weight: 400; text-align: center;\">Puede <strong>solicitarse<\/strong> dicha autorizaci\u00f3n al mail,\u00a0<\/p>\n<p style=\"font-weight: 400; text-align: center;\"><a href=\"mailto:oracioncontinua@scolopi.net\">oracioncontinua@scolopi.net<\/a><\/p>\n<p style=\"text-align: center;\">indicando, por favor, a qu\u00e9 Demarcaci\u00f3n escolapia pertenece.<\/p>\n<p>[\/et_pb_text][et_pb_text _builder_version=&#8221;4.22.2&#8243; custom_margin=&#8221;5px|5px|5px|5px&#8221; global_colors_info=&#8221;{}&#8221;]<\/p>\n<hr \/>\n<p>[\/et_pb_text][et_pb_image src=&#8221;https:\/\/oracioncontinua.com\/wp-content\/uploads\/2018\/06\/BANNER-CONTACTA.jpg&#8221; url=&#8221;https:\/\/oracioncontinua.com\/contacto\/&#8221; align_tablet=&#8221;center&#8221; align_phone=&#8221;&#8221; align_last_edited=&#8221;on|desktop&#8221; _builder_version=&#8221;4.16&#8243; global_colors_info=&#8221;{}&#8221;][\/et_pb_image][et_pb_text _builder_version=&#8221;4.16&#8243; custom_margin=&#8221;5px|5px|5px|5px&#8221; global_colors_info=&#8221;{}&#8221;]<\/p>\n<hr \/>\n<p>[\/et_pb_text][et_pb_image src=&#8221;https:\/\/oracioncontinua.com\/wp-content\/uploads\/2018\/07\/WhatsApp-Image-2018-07-12-at-12.04.28.jpeg&#8221; align_tablet=&#8221;center&#8221; align_phone=&#8221;&#8221; align_last_edited=&#8221;on|desktop&#8221; _builder_version=&#8221;4.16&#8243; global_colors_info=&#8221;{}&#8221;][\/et_pb_image][et_pb_sidebar area=&#8221;sidebar-1&#8243; _builder_version=&#8221;4.16&#8243; z_index_tablet=&#8221;500&#8243; global_colors_info=&#8221;{}&#8221;][\/et_pb_sidebar][\/et_pb_column][\/et_pb_row][et_pb_row _builder_version=&#8221;4.16&#8243; background_size=&#8221;initial&#8221; background_position=&#8221;top_left&#8221; background_repeat=&#8221;repeat&#8221; global_colors_info=&#8221;{}&#8221;][et_pb_column type=&#8221;4_4&#8243; _builder_version=&#8221;4.16&#8243; custom_padding=&#8221;|||&#8221; global_colors_info=&#8221;{}&#8221; custom_padding__hover=&#8221;|||&#8221;][et_pb_text _builder_version=&#8221;4.16&#8243; global_colors_info=&#8221;{}&#8221;]<\/p>\n<h3>Itinerario de Formaci\u00f3n<\/h3>\n<hr \/>\n<p>&nbsp;<\/p>\n<p>[\/et_pb_text][\/et_pb_column][\/et_pb_row][et_pb_row column_structure=&#8221;1_5,1_5,1_5,1_5,1_5&#8243; _builder_version=&#8221;4.16&#8243; background_size=&#8221;initial&#8221; background_position=&#8221;top_left&#8221; background_repeat=&#8221;repeat&#8221; global_colors_info=&#8221;{}&#8221;][et_pb_column type=&#8221;1_5&#8243; _builder_version=&#8221;4.16&#8243; custom_padding=&#8221;|||&#8221; global_colors_info=&#8221;{}&#8221; custom_padding__hover=&#8221;|||&#8221;][et_pb_image src=&#8221;https:\/\/oracioncontinua.com\/wp-content\/uploads\/2019\/06\/ACTUALIZAR-CUIDAR.jpg&#8221; url=&#8221;https:\/\/oracioncontinua.com\/category\/actualizar\/&#8221; url_new_window=&#8221;on&#8221; align_tablet=&#8221;center&#8221; align_phone=&#8221;&#8221; align_last_edited=&#8221;on|desktop&#8221; _builder_version=&#8221;4.16&#8243; z_index_tablet=&#8221;500&#8243; global_colors_info=&#8221;{}&#8221;][\/et_pb_image][\/et_pb_column][et_pb_column type=&#8221;1_5&#8243; _builder_version=&#8221;4.16&#8243; custom_padding=&#8221;|||&#8221; global_colors_info=&#8221;{}&#8221; custom_padding__hover=&#8221;|||&#8221;][et_pb_image src=&#8221;https:\/\/oracioncontinua.com\/wp-content\/uploads\/2019\/01\/DIFUNDIR.jpg&#8221; url=&#8221;https:\/\/oracioncontinua.com\/category\/difundir\/&#8221; url_new_window=&#8221;on&#8221; align_tablet=&#8221;center&#8221; align_phone=&#8221;&#8221; align_last_edited=&#8221;on|desktop&#8221; _builder_version=&#8221;4.16&#8243; z_index_tablet=&#8221;500&#8243; global_colors_info=&#8221;{}&#8221;][\/et_pb_image][\/et_pb_column][et_pb_column type=&#8221;1_5&#8243; _builder_version=&#8221;4.16&#8243; custom_padding=&#8221;|||&#8221; global_colors_info=&#8221;{}&#8221; custom_padding__hover=&#8221;|||&#8221;][et_pb_image src=&#8221;https:\/\/oracioncontinua.com\/wp-content\/uploads\/2019\/01\/PROFUNDIZAR.jpg&#8221; url=&#8221;https:\/\/oracioncontinua.com\/category\/profundizar\/&#8221; url_new_window=&#8221;on&#8221; align_tablet=&#8221;center&#8221; align_phone=&#8221;&#8221; align_last_edited=&#8221;on|desktop&#8221; _builder_version=&#8221;4.16&#8243; z_index_tablet=&#8221;500&#8243; global_colors_info=&#8221;{}&#8221;][\/et_pb_image][\/et_pb_column][et_pb_column type=&#8221;1_5&#8243; _builder_version=&#8221;4.16&#8243; custom_padding=&#8221;|||&#8221; global_colors_info=&#8221;{}&#8221; custom_padding__hover=&#8221;|||&#8221;][et_pb_image src=&#8221;https:\/\/oracioncontinua.com\/wp-content\/uploads\/2019\/01\/ENCUENTRO.jpg&#8221; url=&#8221;https:\/\/oracioncontinua.com\/category\/encuentro-de-oracion\/&#8221; url_new_window=&#8221;on&#8221; align_tablet=&#8221;center&#8221; align_phone=&#8221;&#8221; align_last_edited=&#8221;on|desktop&#8221; _builder_version=&#8221;4.16&#8243; z_index_tablet=&#8221;500&#8243; global_colors_info=&#8221;{}&#8221;][\/et_pb_image][\/et_pb_column][et_pb_column type=&#8221;1_5&#8243; _builder_version=&#8221;4.16&#8243; custom_padding=&#8221;|||&#8221; global_colors_info=&#8221;{}&#8221; custom_padding__hover=&#8221;|||&#8221;][et_pb_image src=&#8221;https:\/\/oracioncontinua.com\/wp-content\/uploads\/2019\/06\/INDICE.jpg&#8221; url=&#8221;https:\/\/oracioncontinua.com\/wp-content\/uploads\/2022\/07\/INDICE-ENTRADAS-OC.pdf&#8221; url_new_window=&#8221;on&#8221; align_tablet=&#8221;center&#8221; align_phone=&#8221;&#8221; align_last_edited=&#8221;on|desktop&#8221; _builder_version=&#8221;4.17.4&#8243; z_index_tablet=&#8221;500&#8243; global_colors_info=&#8221;{}&#8221;][\/et_pb_image][\/et_pb_column][\/et_pb_row][\/et_pb_section]<\/p>\n","protected":false},"excerpt":{"rendered":"<p>Para acceder al repositorio es necesario validarse con una cuenta de Gmail autorizada. Puede solicitarse dicha autorizaci\u00f3n al mail,\u00a0 oracioncontinua@scolopi.net indicando, por favor, a qu\u00e9 Demarcaci\u00f3n escolapia pertenece. Itinerario de Formaci\u00f3n &nbsp;<\/p>\n","protected":false},"author":2,"featured_media":0,"parent":0,"menu_order":0,"comment_status":"closed","ping_status":"closed","template":"","meta":{"_et_pb_use_builder":"on","_et_pb_old_content":"<p>[et_pb_section bb_built=\"1\"][et_pb_row][et_pb_column type=\"4_4\"][et_pb_image _builder_version=\"3.0.78\" \/][\/et_pb_column][\/et_pb_row][\/et_pb_section]<\/p>","_et_gb_content_width":"","footnotes":""},"class_list":["post-3188","page","type-page","status-publish","hentry"],"_links":{"self":[{"href":"https:\/\/oracioncontinua.com\/it\/wp-json\/wp\/v2\/pages\/3188","targetHints":{"allow":["GET"]}}],"collection":[{"href":"https:\/\/oracioncontinua.com\/it\/wp-json\/wp\/v2\/pages"}],"about":[{"href":"https:\/\/oracioncontinua.com\/it\/wp-json\/wp\/v2\/types\/page"}],"author":[{"embeddable":true,"href":"https:\/\/oracioncontinua.com\/it\/wp-json\/wp\/v2\/users\/2"}],"replies":[{"embeddable":true,"href":"https:\/\/oracioncontinua.com\/it\/wp-json\/wp\/v2\/comments?post=3188"}],"version-history":[{"count":2,"href":"https:\/\/oracioncontinua.com\/it\/wp-json\/wp\/v2\/pages\/3188\/revisions"}],"predecessor-version":[{"id":3190,"href":"https:\/\/oracioncontinua.com\/it\/wp-json\/wp\/v2\/pages\/3188\/revisions\/3190"}],"wp:attachment":[{"href":"https:\/\/oracioncontinua.com\/it\/wp-json\/wp\/v2\/media?parent=3188"}],"curies":[{"name":"wp","href":"https:\/\/api.w.org\/{rel}","templated":true}]}}